{"id":2504,"date":"2025-07-17T00:06:56","date_gmt":"2025-07-17T00:06:56","guid":{"rendered":"https:\/\/testweb.uno\/?page_id=2504"},"modified":"2025-08-20T16:46:23","modified_gmt":"2025-08-20T21:46:23","slug":"reconoce-tu-balon","status":"publish","type":"page","link":"https:\/\/limagas.com\/seguridad\/reconoce-tu-balon\/","title":{"rendered":"Reconoce tu bal\u00f3n"},"content":{"rendered":"\t\t<div data-elementor-type=\"wp-page\" data-elementor-id=\"2504\" class=\"elementor elementor-2504\" data-elementor-post-type=\"page\">\n\t\t\t\t<div class=\"elementor-element elementor-element-ea4d1ab e-flex e-con-boxed wpr-particle-no wpr-jarallax-no wpr-parallax-no wpr-sticky-section-no e-con e-parent\" data-id=\"ea4d1ab\" data-element_type=\"container\" data-settings=\"{&quot;background_background&quot;:&quot;classic&quot;,&quot;shape_divider_bottom&quot;:&quot;curve-asymmetrical&quot;,&quot;shape_divider_bottom_negative&quot;:&quot;yes&quot;}\">\n\t\t\t\t\t<div class=\"e-con-inner\">\n\t\t\t\t<div class=\"elementor-shape elementor-shape-bottom\" aria-hidden=\"true\" data-negative=\"true\">\n\t\t\t<svg xmlns=\"http:\/\/www.w3.org\/2000\/svg\" viewBox=\"0 0 1000 100\" preserveAspectRatio=\"none\">\n\t<path class=\"elementor-shape-fill\" d=\"M615.2,96.7C240.2,97.8,0,18.9,0,0v100h1000V0C1000,19.2,989.8,96,615.2,96.7z\"\/>\n<\/svg>\t\t<\/div>\n\t\t<div class=\"elementor-element elementor-element-527dcd1 e-con-full e-flex wpr-particle-no wpr-jarallax-no wpr-parallax-no wpr-sticky-section-no e-con e-child\" data-id=\"527dcd1\" data-element_type=\"container\">\n\t\t<div class=\"elementor-element elementor-element-3c49f56 e-con-full e-flex wpr-particle-no wpr-jarallax-no wpr-parallax-no wpr-sticky-section-no e-con e-child\" data-id=\"3c49f56\" data-element_type=\"container\">\n\t\t\t\t<div class=\"elementor-element elementor-element-c08b623 elementor-invisible elementor-widget elementor-widget-image\" data-id=\"c08b623\" data-element_type=\"widget\" data-settings=\"{&quot;_animation&quot;:&quot;fadeIn&quot;,&quot;_animation_mobile&quot;:&quot;fadeIn&quot;,&quot;_animation_delay&quot;:200}\" data-widget_type=\"image.default\">\n\t\t\t\t\t\t\t\t\t\t\t\t\t\t\t<img fetchpriority=\"high\" decoding=\"async\" width=\"753\" height=\"650\" src=\"https:\/\/limagas.com\/seguridad\/wp-content\/uploads\/2025\/07\/reconoce-tu-balon-img.png\" class=\"attachment-full size-full wp-image-2507\" alt=\"\" srcset=\"https:\/\/limagas.com\/seguridad\/wp-content\/uploads\/2025\/07\/reconoce-tu-balon-img.png 753w, https:\/\/limagas.com\/seguridad\/wp-content\/uploads\/2025\/07\/reconoce-tu-balon-img-300x259.png 300w\" sizes=\"(max-width: 753px) 100vw, 753px\" \/>\t\t\t\t\t\t\t\t\t\t\t\t\t\t\t<\/div>\n\t\t\t\t<\/div>\n\t\t<div class=\"elementor-element elementor-element-067dbdd e-con-full e-flex wpr-particle-no wpr-jarallax-no wpr-parallax-no wpr-sticky-section-no e-con e-child\" data-id=\"067dbdd\" data-element_type=\"container\">\n\t\t\t\t<div class=\"elementor-element elementor-element-cf16830 elementor-widget elementor-widget-spacer\" data-id=\"cf16830\" data-element_type=\"widget\" data-widget_type=\"spacer.default\">\n\t\t\t\t\t\t\t<div class=\"elementor-spacer\">\n\t\t\t<div class=\"elementor-spacer-inner\"><\/div>\n\t\t<\/div>\n\t\t\t\t\t\t<\/div>\n\t\t\t\t<div class=\"elementor-element elementor-element-c4ac9de elementor-invisible elementor-widget elementor-widget-heading\" data-id=\"c4ac9de\" data-element_type=\"widget\" data-settings=\"{&quot;_animation&quot;:&quot;zoomIn&quot;}\" data-widget_type=\"heading.default\">\n\t\t\t\t\t<h2 class=\"elementor-heading-title elementor-size-default\">\u00bfEs realmente<\/h2>\t\t\t\t<\/div>\n\t\t\t\t<div class=\"elementor-element elementor-element-a508c16 elementor-invisible elementor-widget elementor-widget-heading\" data-id=\"a508c16\" data-element_type=\"widget\" data-settings=\"{&quot;_animation&quot;:&quot;zoomIn&quot;,&quot;_animation_delay&quot;:400}\" data-widget_type=\"heading.default\">\n\t\t\t\t\t<h2 class=\"elementor-heading-title elementor-size-default\">un bal\u00f3n<\/h2>\t\t\t\t<\/div>\n\t\t\t\t<div class=\"elementor-element elementor-element-174d014 elementor-invisible elementor-widget elementor-widget-heading\" data-id=\"174d014\" data-element_type=\"widget\" data-settings=\"{&quot;_animation&quot;:&quot;zoomIn&quot;,&quot;_animation_delay&quot;:700}\" data-widget_type=\"heading.default\">\n\t\t\t\t\t<h2 class=\"elementor-heading-title elementor-size-default\">Limagas?<\/h2>\t\t\t\t<\/div>\n\t\t\t\t<\/div>\n\t\t\t\t<\/div>\n\t\t\t\t\t<\/div>\n\t\t\t\t<\/div>\n\t\t<div class=\"elementor-element elementor-element-63155cd e-flex e-con-boxed wpr-particle-no wpr-jarallax-no wpr-parallax-no wpr-sticky-section-no e-con e-parent\" data-id=\"63155cd\" data-element_type=\"container\">\n\t\t\t\t\t<div class=\"e-con-inner\">\n\t\t<div class=\"elementor-element elementor-element-d3b7e7a e-con-full e-flex wpr-particle-no wpr-jarallax-no wpr-parallax-no wpr-sticky-section-no e-con e-child\" data-id=\"d3b7e7a\" data-element_type=\"container\">\n\t\t\t\t<div class=\"elementor-element elementor-element-ba5e7d8 elementor-widget__width-initial elementor-invisible elementor-widget elementor-widget-heading\" data-id=\"ba5e7d8\" data-element_type=\"widget\" data-settings=\"{&quot;_animation&quot;:&quot;fadeInLeft&quot;,&quot;_animation_mobile&quot;:&quot;fadeInUp&quot;}\" data-widget_type=\"heading.default\">\n\t\t\t\t\t<h2 class=\"elementor-heading-title elementor-size-default\">Conoce como identificarlo<\/h2>\t\t\t\t<\/div>\n\t\t\t\t<\/div>\n\t\t\t\t\t<\/div>\n\t\t\t\t<\/div>\n\t\t<div class=\"elementor-element elementor-element-af1abbd e-flex e-con-boxed wpr-particle-no wpr-jarallax-no wpr-parallax-no wpr-sticky-section-no e-con e-parent\" data-id=\"af1abbd\" data-element_type=\"container\">\n\t\t\t\t\t<div class=\"e-con-inner\">\n\t\t<div class=\"elementor-element elementor-element-3818989 e-con-full e-flex wpr-particle-no wpr-jarallax-no wpr-parallax-no wpr-sticky-section-no e-con e-child\" data-id=\"3818989\" data-element_type=\"container\">\n\t\t\t\t<div class=\"elementor-element elementor-element-ae49cab elementor-widget__width-initial elementor-invisible elementor-widget elementor-widget-text-editor\" data-id=\"ae49cab\" data-element_type=\"widget\" data-settings=\"{&quot;_animation&quot;:&quot;fadeIn&quot;,&quot;_animation_mobile&quot;:&quot;fadeInUp&quot;}\" data-widget_type=\"text-editor.default\">\n\t\t\t\t\t\t\t\t\t<p>Un bal\u00f3n original Limagas cumple con altos est\u00e1ndares de calidad y seguridad. Antes de recibirlo, verifica estos elementos para asegurarte de que es 100% confiable:<\/p>\t\t\t\t\t\t\t\t<\/div>\n\t\t\t\t<\/div>\n\t\t\t\t\t<\/div>\n\t\t\t\t<\/div>\n\t\t<div class=\"elementor-element elementor-element-f068c68 e-flex e-con-boxed wpr-particle-no wpr-jarallax-no wpr-parallax-no wpr-sticky-section-no e-con e-parent\" data-id=\"f068c68\" data-element_type=\"container\" data-settings=\"{&quot;background_background&quot;:&quot;classic&quot;,&quot;shape_divider_bottom&quot;:&quot;curve&quot;,&quot;shape_divider_bottom_negative&quot;:&quot;yes&quot;}\">\n\t\t\t\t\t<div class=\"e-con-inner\">\n\t\t\t\t<div class=\"elementor-shape elementor-shape-bottom\" aria-hidden=\"true\" data-negative=\"true\">\n\t\t\t<svg xmlns=\"http:\/\/www.w3.org\/2000\/svg\" viewBox=\"0 0 1000 100\" preserveAspectRatio=\"none\">\n\t<path class=\"elementor-shape-fill\" d=\"M500,97C126.7,96.3,0.8,19.8,0,0v100l1000,0V1C1000,19.4,873.3,97.8,500,97z\"\/>\n<\/svg>\t\t<\/div>\n\t\t<div class=\"elementor-element elementor-element-fed987f e-con-full e-flex wpr-particle-no wpr-jarallax-no wpr-parallax-no wpr-sticky-section-no e-con e-child\" data-id=\"fed987f\" data-element_type=\"container\">\n\t\t\t\t<div class=\"elementor-element elementor-element-4fe3051 elementor-invisible elementor-widget elementor-widget-image\" data-id=\"4fe3051\" data-element_type=\"widget\" data-settings=\"{&quot;_animation&quot;:&quot;zoomIn&quot;,&quot;_animation_mobile&quot;:&quot;zoomIn&quot;}\" data-widget_type=\"image.default\">\n\t\t\t\t\t\t\t\t\t\t\t\t\t\t\t<img decoding=\"async\" width=\"696\" height=\"981\" src=\"https:\/\/limagas.com\/seguridad\/wp-content\/uploads\/2025\/07\/balonlimagas.png\" class=\"attachment-full size-full wp-image-2534\" alt=\"\" srcset=\"https:\/\/limagas.com\/seguridad\/wp-content\/uploads\/2025\/07\/balonlimagas.png 696w, https:\/\/limagas.com\/seguridad\/wp-content\/uploads\/2025\/07\/balonlimagas-213x300.png 213w\" sizes=\"(max-width: 696px) 100vw, 696px\" \/>\t\t\t\t\t\t\t\t\t\t\t\t\t\t\t<\/div>\n\t\t\t\t<div class=\"elementor-element elementor-element-73e2192 elementor-widget__width-initial elementor-absolute elementor-invisible elementor-widget elementor-widget-image\" data-id=\"73e2192\" data-element_type=\"widget\" data-settings=\"{&quot;_position&quot;:&quot;absolute&quot;,&quot;_animation&quot;:&quot;fadeInLeft&quot;,&quot;_animation_delay&quot;:500}\" data-widget_type=\"image.default\">\n\t\t\t\t\t\t\t\t\t\t\t\t\t\t\t<img decoding=\"async\" width=\"380\" height=\"124\" src=\"https:\/\/limagas.com\/seguridad\/wp-content\/uploads\/2025\/07\/etiqueta-precinto.png\" class=\"attachment-full size-full wp-image-3367\" alt=\"\" srcset=\"https:\/\/limagas.com\/seguridad\/wp-content\/uploads\/2025\/07\/etiqueta-precinto.png 380w, https:\/\/limagas.com\/seguridad\/wp-content\/uploads\/2025\/07\/etiqueta-precinto-300x98.png 300w\" sizes=\"(max-width: 380px) 100vw, 380px\" \/>\t\t\t\t\t\t\t\t\t\t\t\t\t\t\t<\/div>\n\t\t\t\t<div class=\"elementor-element elementor-element-bbfda3a elementor-widget__width-initial elementor-absolute elementor-invisible elementor-widget elementor-widget-image\" data-id=\"bbfda3a\" data-element_type=\"widget\" data-settings=\"{&quot;_position&quot;:&quot;absolute&quot;,&quot;_animation&quot;:&quot;fadeInLeft&quot;,&quot;_animation_delay&quot;:1000}\" data-widget_type=\"image.default\">\n\t\t\t\t\t\t\t\t\t\t\t\t\t\t\t<img loading=\"lazy\" decoding=\"async\" width=\"380\" height=\"124\" src=\"https:\/\/limagas.com\/seguridad\/wp-content\/uploads\/2025\/07\/etiqqueta-nuevo-logo-1.png\" class=\"attachment-full size-full wp-image-3401\" alt=\"\" srcset=\"https:\/\/limagas.com\/seguridad\/wp-content\/uploads\/2025\/07\/etiqqueta-nuevo-logo-1.png 380w, https:\/\/limagas.com\/seguridad\/wp-content\/uploads\/2025\/07\/etiqqueta-nuevo-logo-1-300x98.png 300w\" sizes=\"(max-width: 380px) 100vw, 380px\" \/>\t\t\t\t\t\t\t\t\t\t\t\t\t\t\t<\/div>\n\t\t\t\t<div class=\"elementor-element elementor-element-2e0bda3 elementor-widget__width-initial elementor-absolute elementor-invisible elementor-widget elementor-widget-image\" data-id=\"2e0bda3\" data-element_type=\"widget\" data-settings=\"{&quot;_position&quot;:&quot;absolute&quot;,&quot;_animation&quot;:&quot;fadeInRight&quot;,&quot;_animation_delay&quot;:1500}\" data-widget_type=\"image.default\">\n\t\t\t\t\t\t\t\t\t\t\t\t\t\t\t<img loading=\"lazy\" decoding=\"async\" width=\"331\" height=\"110\" src=\"https:\/\/limagas.com\/seguridad\/wp-content\/uploads\/2025\/07\/etiqueta-logo.png\" class=\"attachment-full size-full wp-image-3406\" alt=\"\" srcset=\"https:\/\/limagas.com\/seguridad\/wp-content\/uploads\/2025\/07\/etiqueta-logo.png 331w, https:\/\/limagas.com\/seguridad\/wp-content\/uploads\/2025\/07\/etiqueta-logo-300x100.png 300w\" sizes=\"(max-width: 331px) 100vw, 331px\" \/>\t\t\t\t\t\t\t\t\t\t\t\t\t\t\t<\/div>\n\t\t\t\t<div class=\"elementor-element elementor-element-bef4803 elementor-widget__width-initial elementor-absolute elementor-invisible elementor-widget elementor-widget-image\" data-id=\"bef4803\" data-element_type=\"widget\" data-settings=\"{&quot;_position&quot;:&quot;absolute&quot;,&quot;_animation&quot;:&quot;fadeInUp&quot;,&quot;_animation_delay&quot;:1800}\" data-widget_type=\"image.default\">\n\t\t\t\t\t\t\t\t\t\t\t\t\t\t\t<img loading=\"lazy\" decoding=\"async\" width=\"320\" height=\"110\" src=\"https:\/\/limagas.com\/seguridad\/wp-content\/uploads\/2025\/07\/etiqueta-balon-azul.png\" class=\"attachment-full size-full wp-image-3409\" alt=\"\" srcset=\"https:\/\/limagas.com\/seguridad\/wp-content\/uploads\/2025\/07\/etiqueta-balon-azul.png 320w, https:\/\/limagas.com\/seguridad\/wp-content\/uploads\/2025\/07\/etiqueta-balon-azul-300x103.png 300w\" sizes=\"(max-width: 320px) 100vw, 320px\" \/>\t\t\t\t\t\t\t\t\t\t\t\t\t\t\t<\/div>\n\t\t\t\t<\/div>\n\t\t\t\t\t<\/div>\n\t\t\t\t<\/div>\n\t\t<div class=\"elementor-element elementor-element-7b6574b e-flex e-con-boxed wpr-particle-no wpr-jarallax-no wpr-parallax-no wpr-sticky-section-no e-con e-parent\" data-id=\"7b6574b\" data-element_type=\"container\" data-settings=\"{&quot;background_background&quot;:&quot;classic&quot;}\">\n\t\t\t\t\t<div class=\"e-con-inner\">\n\t\t<div class=\"elementor-element elementor-element-490e8e7 e-con-full e-flex wpr-particle-no wpr-jarallax-no wpr-parallax-no wpr-sticky-section-no e-con e-child\" data-id=\"490e8e7\" data-element_type=\"container\">\n\t\t\t\t<div class=\"elementor-element elementor-element-82e87ae elementor-widget__width-initial elementor-invisible elementor-widget elementor-widget-text-editor\" data-id=\"82e87ae\" data-element_type=\"widget\" data-settings=\"{&quot;_animation&quot;:&quot;fadeInUp&quot;,&quot;_animation_mobile&quot;:&quot;fadeInUp&quot;}\" data-widget_type=\"text-editor.default\">\n\t\t\t\t\t\t\t\t\t<p>Comprar balones de gas en canales informales pone en riesgo tu vida y la de tu familia. Estos balones pueden estar mal manipulados, tener v\u00e1lvulas defectuosas o incluso contener gas adulterado. Un solo error puede provocar fugas, explosiones o intoxicaciones.<\/p>\t\t\t\t\t\t\t\t<\/div>\n\t\t\t\t<div class=\"elementor-element elementor-element-5ee9bc1 elementor-invisible elementor-widget elementor-widget-heading\" data-id=\"5ee9bc1\" data-element_type=\"widget\" data-settings=\"{&quot;_animation&quot;:&quot;fadeInUp&quot;}\" data-widget_type=\"heading.default\">\n\t\t\t\t\t<h2 class=\"elementor-heading-title elementor-size-default\">\u00a1No te dejes sorprender!<\/h2>\t\t\t\t<\/div>\n\t\t\t\t<div class=\"elementor-element elementor-element-fdef2a8 elementor-widget__width-initial elementor-invisible elementor-widget elementor-widget-text-editor\" data-id=\"fdef2a8\" data-element_type=\"widget\" data-settings=\"{&quot;_animation&quot;:&quot;fadeInUp&quot;,&quot;_animation_mobile&quot;:&quot;fadeInUp&quot;}\" data-widget_type=\"text-editor.default\">\n\t\t\t\t\t\t\t\t\t<p>Muchos se hacen pasar por Limagas poniendo en riesgo a tu familia. Es momento que le cierres las puertas a la inseguridad.<\/p>\t\t\t\t\t\t\t\t<\/div>\n\t\t\t\t<div class=\"elementor-element elementor-element-fb8494d elementor-widget elementor-widget-spacer\" data-id=\"fb8494d\" data-element_type=\"widget\" data-widget_type=\"spacer.default\">\n\t\t\t\t\t\t\t<div class=\"elementor-spacer\">\n\t\t\t<div class=\"elementor-spacer-inner\"><\/div>\n\t\t<\/div>\n\t\t\t\t\t\t<\/div>\n\t\t\t\t<\/div>\n\t\t\t\t\t<\/div>\n\t\t\t\t<\/div>\n\t\t<div class=\"elementor-element elementor-element-74131c0 e-flex e-con-boxed wpr-particle-no wpr-jarallax-no wpr-parallax-no wpr-sticky-section-no e-con e-parent\" data-id=\"74131c0\" data-element_type=\"container\" data-settings=\"{&quot;background_background&quot;:&quot;classic&quot;}\">\n\t\t\t\t\t<div class=\"e-con-inner\">\n\t\t<div class=\"elementor-element elementor-element-5cd7068 e-con-full e-flex wpr-particle-no wpr-jarallax-no wpr-parallax-no wpr-sticky-section-no e-con e-child\" data-id=\"5cd7068\" data-element_type=\"container\">\n\t\t\t\t<div class=\"elementor-element elementor-element-445083f elementor-widget__width-initial elementor-invisible elementor-widget elementor-widget-image\" data-id=\"445083f\" data-element_type=\"widget\" data-settings=\"{&quot;_animation&quot;:&quot;fadeInUp&quot;}\" data-widget_type=\"image.default\">\n\t\t\t\t\t\t\t\t\t\t\t\t\t\t\t<img loading=\"lazy\" decoding=\"async\" width=\"425\" height=\"749\" src=\"https:\/\/limagas.com\/seguridad\/wp-content\/uploads\/2025\/07\/hombre-con-balo-de-gas.png\" class=\"attachment-large size-large wp-image-2651\" alt=\"\" srcset=\"https:\/\/limagas.com\/seguridad\/wp-content\/uploads\/2025\/07\/hombre-con-balo-de-gas.png 425w, https:\/\/limagas.com\/seguridad\/wp-content\/uploads\/2025\/07\/hombre-con-balo-de-gas-170x300.png 170w\" sizes=\"(max-width: 425px) 100vw, 425px\" \/>\t\t\t\t\t\t\t\t\t\t\t\t\t\t\t<\/div>\n\t\t\t\t<div class=\"elementor-element elementor-element-bf9f88f elementor-widget elementor-widget-spacer\" data-id=\"bf9f88f\" data-element_type=\"widget\" data-widget_type=\"spacer.default\">\n\t\t\t\t\t\t\t<div class=\"elementor-spacer\">\n\t\t\t<div class=\"elementor-spacer-inner\"><\/div>\n\t\t<\/div>\n\t\t\t\t\t\t<\/div>\n\t\t\t\t<\/div>\n\t\t\t\t\t<\/div>\n\t\t\t\t<\/div>\n\t\t<div class=\"elementor-element elementor-element-e6fefd3 e-flex e-con-boxed wpr-particle-no wpr-jarallax-no wpr-parallax-no wpr-sticky-section-no e-con e-parent\" data-id=\"e6fefd3\" data-element_type=\"container\" data-settings=\"{&quot;background_background&quot;:&quot;classic&quot;}\">\n\t\t\t\t\t<div class=\"e-con-inner\">\n\t\t<div class=\"elementor-element elementor-element-e067d83 e-con-full e-flex wpr-particle-no wpr-jarallax-no wpr-parallax-no wpr-sticky-section-no e-con e-child\" data-id=\"e067d83\" data-element_type=\"container\">\n\t\t\t\t<div class=\"elementor-element elementor-element-1a68afa elementor-widget__width-initial elementor-invisible elementor-widget elementor-widget-text-editor\" data-id=\"1a68afa\" data-element_type=\"widget\" data-settings=\"{&quot;_animation&quot;:&quot;fadeIn&quot;}\" data-widget_type=\"text-editor.default\">\n\t\t\t\t\t\t\t\t\t<p>Aqu\u00ed te ense\u00f1amos como:<\/p>\t\t\t\t\t\t\t\t<\/div>\n\t\t\t\t<div class=\"elementor-element elementor-element-99f677a elementor-widget__width-initial elementor-invisible elementor-widget elementor-widget-video\" data-id=\"99f677a\" data-element_type=\"widget\" data-settings=\"{&quot;_animation&quot;:&quot;fadeIn&quot;,&quot;video_type&quot;:&quot;hosted&quot;,&quot;controls&quot;:&quot;yes&quot;}\" data-widget_type=\"video.default\">\n\t\t\t\t\t\t\t<div class=\"e-hosted-video elementor-wrapper elementor-open-inline\">\n\t\t\t\t\t<video class=\"elementor-video\" src=\"https:\/\/limagas.com\/seguridad\/wp-content\/uploads\/2025\/07\/reconoce-tu-balon-Limagas-final.mp4\" controls=\"\" preload=\"metadata\" controlsList=\"nodownload\"><\/video>\n\t\t\t\t<\/div>\n\t\t\t\t\t\t<\/div>\n\t\t\t\t<div class=\"elementor-element elementor-element-5e282e4 elementor-widget__width-initial elementor-invisible elementor-widget elementor-widget-text-editor\" data-id=\"5e282e4\" data-element_type=\"widget\" data-settings=\"{&quot;_animation&quot;:&quot;fadeIn&quot;}\" data-widget_type=\"text-editor.default\">\n\t\t\t\t\t\t\t\t\t<p>Nos preocupamos por ti y tu familia, por ello te brindamos los mejores tips de seguridad y de manejo del GLP.<\/p>\t\t\t\t\t\t\t\t<\/div>\n\t\t\t\t<div class=\"elementor-element elementor-element-c411880 elementor-align-center elementor-invisible elementor-widget elementor-widget-button\" data-id=\"c411880\" data-element_type=\"widget\" data-settings=\"{&quot;_animation&quot;:&quot;fadeIn&quot;}\" data-widget_type=\"button.default\">\n\t\t\t\t\t\t\t\t\t\t<a class=\"elementor-button elementor-button-link elementor-size-sm\" href=\"https:\/\/limagas.com\/seguridad\/tips-de-seguridad\/\">\n\t\t\t\t\t\t<span class=\"elementor-button-content-wrapper\">\n\t\t\t\t\t\t\t\t\t<span class=\"elementor-button-text\">CONOCE M\u00c1S<\/span>\n\t\t\t\t\t<\/span>\n\t\t\t\t\t<\/a>\n\t\t\t\t\t\t\t\t<\/div>\n\t\t\t\t<\/div>\n\t\t\t\t\t<\/div>\n\t\t\t\t<\/div>\n\t\t\t\t<\/div>\n\t\t","protected":false},"excerpt":{"rendered":"<p>\u00bfEs realmente un bal\u00f3n Limagas? Conoce como identificarlo Un bal\u00f3n original Limagas cumple con altos est\u00e1ndares de calidad y seguridad. Antes de recibirlo, verifica estos elementos para asegurarte de que es 100% confiable: Comprar balones de gas en canales informales pone en riesgo tu vida y la de tu familia. Estos balones pueden estar mal manipulados, tener v\u00e1lvulas defectuosas o incluso contener gas adulterado. Un solo error puede provocar fugas, explosiones o intoxicaciones. \u00a1No te dejes sorprender! Muchos se hacen pasar por Limagas poniendo en riesgo a tu familia. Es momento que le cierres las puertas a la inseguridad. Aqu\u00ed te ense\u00f1amos como: https:\/\/limagas.com\/seguridad\/wp-content\/uploads\/2025\/07\/reconoce-tu-balon-Limagas-final.mp4 Nos preocupamos por ti y tu familia, por ello te brindamos los mejores tips de seguridad y de manejo del GLP. CONOCE M\u00c1S<\/p>\n","protected":false},"author":2,"featured_media":0,"parent":0,"menu_order":0,"comment_status":"closed","ping_status":"closed","template":"","meta":{"inline_featured_image":false,"footnotes":""},"class_list":["post-2504","page","type-page","status-publish"],"_links":{"self":[{"href":"https:\/\/limagas.com\/seguridad\/wp-json\/wp\/v2\/pages\/2504","targetHints":{"allow":["GET"]}}],"collection":[{"href":"https:\/\/limagas.com\/seguridad\/wp-json\/wp\/v2\/pages"}],"about":[{"href":"https:\/\/limagas.com\/seguridad\/wp-json\/wp\/v2\/types\/page"}],"author":[{"embeddable":true,"href":"https:\/\/limagas.com\/seguridad\/wp-json\/wp\/v2\/users\/2"}],"replies":[{"embeddable":true,"href":"https:\/\/limagas.com\/seguridad\/wp-json\/wp\/v2\/comments?post=2504"}],"version-history":[{"count":232,"href":"https:\/\/limagas.com\/seguridad\/wp-json\/wp\/v2\/pages\/2504\/revisions"}],"predecessor-version":[{"id":4958,"href":"https:\/\/limagas.com\/seguridad\/wp-json\/wp\/v2\/pages\/2504\/revisions\/4958"}],"wp:attachment":[{"href":"https:\/\/limagas.com\/seguridad\/wp-json\/wp\/v2\/media?parent=2504"}],"curies":[{"name":"wp","href":"https:\/\/api.w.org\/{rel}","templated":true}]}}